{"id":718,"date":"2024-07-08T06:22:18","date_gmt":"2024-07-08T06:22:18","guid":{"rendered":"https:\/\/dpsample.com\/wp_themes\/restimo\/?page_id=718"},"modified":"2025-02-19T19:48:35","modified_gmt":"2025-02-19T12:48:35","slug":"about-us","status":"publish","type":"page","link":"https:\/\/bionn.vn\/index.php\/about-us\/","title":{"rendered":"Gi\u1edbi thi\u1ec7u Biotech Nam Nguy\u00ean"},"content":{"rendered":"<p><strong>GI\u1edaI THI\u1ec6U C\u00d4NG TY BIOTECH NAM NGUY\u00caN<\/strong><\/p>\n<p><strong>N\u00e2ng t\u1ea7m n\u00f4ng nghi\u1ec7p b\u1ec1n v\u1eefng v\u1edbi gi\u1ea3i ph\u00e1p sinh h\u1ecdc ti\u00ean ti\u1ebfn<\/strong><\/p>\n<p>C\u00f4ng ty Biotech Nam Nguy\u00ean t\u1ef1 h\u00e0o l\u00e0 \u0111\u01a1n v\u1ecb ti\u00ean phong trong l\u0129nh v\u1ef1c s\u1ea3n xu\u1ea5t v\u00e0 cung c\u1ea5p c\u00e1c s\u1ea3n ph\u1ea9m sinh h\u1ecdc ch\u1ea5t l\u01b0\u1ee3ng cao, g\u00f3p ph\u1ea7n ki\u1ebfn t\u1ea1o n\u1ec1n n\u00f4ng nghi\u1ec7p b\u1ec1n v\u1eefng v\u00e0 th\u00e2n thi\u1ec7n v\u1edbi m\u00f4i tr\u01b0\u1eddng. T\u1ecda l\u1ea1c t\u1ea1i s\u1ed1 22 Ama Pui, P. T\u00e2n L\u1ee3i, TP. Bu\u00f4n Ma Thu\u1ed9t, t\u1ec9nh \u0110\u0103k L\u0103k, ch\u00fang t\u00f4i kh\u00f4ng ng\u1eebng n\u1ed7 l\u1ef1c nghi\u00ean c\u1ee9u v\u00e0 ph\u00e1t tri\u1ec3n \u0111\u1ec3 mang \u0111\u1ebfn cho b\u00e0 con n\u00f4ng d\u00e2n nh\u1eefng gi\u1ea3i ph\u00e1p t\u1ed1i \u01b0u, gi\u00fap n\u00e2ng cao n\u0103ng su\u1ea5t v\u00e0 ch\u1ea5t l\u01b0\u1ee3ng c\u00e2y tr\u1ed3ng.<\/p>\n<p><strong style=\"color: var( --e-global-color-text ); text-align: var(--text-align);\">T\u1ea7m\u00a0nh\u00ecn v\u00e0 s\u1ee9 m\u1ec7nh:<\/strong><\/p>\n<ul>\n<li><strong>T\u1ea7m nh\u00ecn:<\/strong>\u00a0Tr\u1edf th\u00e0nh m\u1ed9t trong nh\u1eefng c\u00f4ng ty h\u00e0ng \u0111\u1ea7u Vi\u1ec7t Nam v\u1ec1 s\u1ea3n xu\u1ea5t v\u00e0 cung \u1ee9ng c\u00e1c s\u1ea3n ph\u1ea9m sinh h\u1ecdc ph\u1ee5c v\u1ee5 n\u00f4ng nghi\u1ec7p.<\/li>\n<li><strong>S\u1ee9 m\u1ec7nh:<\/strong>\u00a0Mang \u0111\u1ebfn cho b\u00e0 con n\u00f4ng d\u00e2n nh\u1eefng gi\u1ea3i ph\u00e1p sinh h\u1ecdc ch\u1ea5t l\u01b0\u1ee3ng cao, hi\u1ec7u qu\u1ea3 v\u00e0 b\u1ec1n v\u1eefng, g\u00f3p ph\u1ea7n x\u00e2y d\u1ef1ng n\u1ec1n n\u00f4ng nghi\u1ec7p xanh v\u00e0 ph\u00e1t tri\u1ec3n th\u1ecbnh v\u01b0\u1ee3ng.<\/li>\n<\/ul>\n<p><strong>Gi\u00e1 tr\u1ecb c\u1ed1t l\u00f5i:<\/strong><\/p>\n<ul>\n<li><strong>Ch\u1ea5t l\u01b0\u1ee3ng:<\/strong>\u00a0Cam k\u1ebft cung c\u1ea5p c\u00e1c s\u1ea3n ph\u1ea9m c\u00f3 ch\u1ea5t l\u01b0\u1ee3ng t\u1ed1t nh\u1ea5t, \u0111\u01b0\u1ee3c ki\u1ec3m \u0111\u1ecbnh nghi\u00eam ng\u1eb7t.<\/li>\n<li><strong>\u0110\u1ed5i m\u1edbi:<\/strong>\u00a0Kh\u00f4ng ng\u1eebng nghi\u00ean c\u1ee9u v\u00e0 ph\u00e1t tri\u1ec3n c\u00e1c s\u1ea3n ph\u1ea9m m\u1edbi, \u1ee9ng d\u1ee5ng c\u00f4ng ngh\u1ec7 ti\u00ean ti\u1ebfn.<\/li>\n<li><strong>B\u1ec1n v\u1eefng:<\/strong>\u00a0\u0110\u1ec1 cao c\u00e1c gi\u1ea3i ph\u00e1p th\u00e2n thi\u1ec7n v\u1edbi m\u00f4i tr\u01b0\u1eddng, h\u01b0\u1edbng \u0111\u1ebfn s\u1ef1 ph\u00e1t tri\u1ec3n b\u1ec1n v\u1eefng.<\/li>\n<li><strong>Tr\u00e1ch nhi\u1ec7m:<\/strong>\u00a0Lu\u00f4n \u0111\u1ed3ng h\u00e0nh v\u00e0 chia s\u1ebb c\u00f9ng b\u00e0 con n\u00f4ng d\u00e2n.<\/li>\n<li><strong>S\u1ea3n ph\u1ea9m ch\u1ee7 l\u1ef1c:<\/strong>\n<p>&#8211; Nh\u00e2n gi\u1ed1ng c\u00e2y d\u01b0\u1ee3c li\u1ec7u<\/p>\n<p>&#8211; Nu\u00f4i c\u1ea5y m\u00f4<\/p>\n<p>&#8211; Ch\u1ebf ph\u1ea9m vi sinh EM g\u1ed1c<\/p>\n<p>&#8211; Ph\u00e2n Tr\u00f9n Qu\u1ebf<\/p>\n<p>&#8211; D\u1ecbch chu\u1ed1i l\u00ean men vi sinh<\/p>\n<p>&#8211; Ph\u00e2n b\u00f3n l\u00e1 c\u00e1c d\u1ea1ng:<\/li>\n<li>Ph\u00e2n b\u00f3n l\u00e1 si\u00eau dinh d\u01b0\u1ee1ng : AMINO BIO NN-1<\/li>\n<li>Ph\u00e2n chuy\u00ean cho hoa v\u00e0 tr\u00e1i : AMINO BIO NN-2<\/li>\n<li>\u0110\u1ea1m h\u1eefu c\u01a1 b\u1ed5 sung Nano ; AMINO BIO NN-3<\/li>\n<\/ul>\n<p><strong>Th\u00f4ng tin li\u00ean h\u1ec7:<\/strong><\/p>\n<p><strong>C\u00f4ng ty c\u1ed5 ph\u1ea7n \u1ee9ng d\u1ee5ng chuy\u1ec3n giao khoa h\u1ecdc c\u00f4ng ngh\u1ec7 sinh h\u1ecdc Nam Nguy\u00ean<\/strong><\/p>\n<ul>\n<li><strong>\u0110\u1ecba ch\u1ec9:<\/strong> 22 Ama Pui, Ph\u01b0\u1eddng T\u00e2n L\u1ee3i, Tp. Bu\u00f4n Ma Thu\u1ed9t, T\u1ec9nh \u0110\u1eafk L\u1eafk<\/li>\n<li><strong>[S\u1ed1 \u0111i\u1ec7n tho\u1ea1i]<\/strong> 0914058315<\/li>\n<li><strong>[Email]<\/strong><\/li>\n<li><strong>[Website\/Fanpage]<\/strong><\/li>\n<\/ul>\n<p><strong>H\u00e3y \u0111\u1ebfn v\u1edbi Biotech Nam Nguy\u00ean \u0111\u1ec3 tr\u1ea3i nghi\u1ec7m nh\u1eefng gi\u1ea3i ph\u00e1p sinh h\u1ecdc \u0111\u1ed9t ph\u00e1, ki\u1ebfn t\u1ea1o n\u00f4ng nghi\u1ec7p b\u1ec1n v\u1eefng!<\/strong><\/p>\n","protected":false},"excerpt":{"rendered":"<p>GI\u1edaI THI\u1ec6U C\u00d4NG TY BIOTECH NAM NGUY\u00caN N\u00e2ng t\u1ea7m n\u00f4ng nghi\u1ec7p b\u1ec1n v\u1eefng v\u1edbi gi\u1ea3i ph\u00e1p sinh h\u1ecdc ti\u00ean ti\u1ebfn C\u00f4ng ty Biotech Nam Nguy\u00ean t\u1ef1 h\u00e0o l\u00e0 \u0111\u01a1n v\u1ecb ti\u00ean phong trong l\u0129nh v\u1ef1c s\u1ea3n xu\u1ea5t v\u00e0 cung c\u1ea5p c\u00e1c s\u1ea3n ph\u1ea9m sinh h\u1ecdc ch\u1ea5t l\u01b0\u1ee3ng cao, g\u00f3p ph\u1ea7n ki\u1ebfn t\u1ea1o n\u1ec1n n\u00f4ng nghi\u1ec7p [&hellip;]<\/p>\n","protected":false},"author":1,"featured_media":0,"parent":0,"menu_order":0,"comment_status":"closed","ping_status":"closed","template":"","meta":{"footnotes":""},"class_list":["post-718","page","type-page","status-publish","hentry"],"_links":{"self":[{"href":"https:\/\/bionn.vn\/index.php\/wp-json\/wp\/v2\/pages\/718","targetHints":{"allow":["GET"]}}],"collection":[{"href":"https:\/\/bionn.vn\/index.php\/wp-json\/wp\/v2\/pages"}],"about":[{"href":"https:\/\/bionn.vn\/index.php\/wp-json\/wp\/v2\/types\/page"}],"author":[{"embeddable":true,"href":"https:\/\/bionn.vn\/index.php\/wp-json\/wp\/v2\/users\/1"}],"replies":[{"embeddable":true,"href":"https:\/\/bionn.vn\/index.php\/wp-json\/wp\/v2\/comments?post=718"}],"version-history":[{"count":21,"href":"https:\/\/bionn.vn\/index.php\/wp-json\/wp\/v2\/pages\/718\/revisions"}],"predecessor-version":[{"id":5557,"href":"https:\/\/bionn.vn\/index.php\/wp-json\/wp\/v2\/pages\/718\/revisions\/5557"}],"wp:attachment":[{"href":"https:\/\/bionn.vn\/index.php\/wp-json\/wp\/v2\/media?parent=718"}],"curies":[{"name":"wp","href":"https:\/\/api.w.org\/{rel}","templated":true}]}}