{"id":744,"date":"2024-07-08T06:44:56","date_gmt":"2024-07-08T06:44:56","guid":{"rendered":"https:\/\/dpsample.com\/wp_themes\/restimo\/?page_id=744"},"modified":"2025-01-18T20:38:17","modified_gmt":"2025-01-18T13:38:17","slug":"contact-us-2","status":"publish","type":"page","link":"https:\/\/bionn.vn\/index.php\/contact-us-2\/","title":{"rendered":"Li\u00ean h\u1ec7"},"content":{"rendered":"<p>Th\u00f4ng tin li\u00ean h\u1ec7\t        <\/p>\n<h2>Biotech Nam Nguy\u00ean<\/h2>\n<h6><a href=\"tel:0838504747\">\u0110i\u1ec7n tho\u1ea1i:<br \/>\n0914058315<\/a><\/h6>\n<p>7h30 \u0111\u1ebfn 17h30<\/p>\n<h6><a href=\"#\">\u0110\u1ecba ch\u1ec9<\/a><\/h6>\n<p>22 Ama Pui, P. T\u00e2n L\u1ee3i, TP. Bu\u00f4n Ma Thu\u1ed9t, t\u1ec9nh \u0110\u0103k L\u0103k<\/p>\n<p>\t\t\t\t\t<a target=\"_blank\"><br \/>\n\t\t\t\t\t\tFacebook<br \/>\n\t\t\t\t\t\t<svg viewBox=\"0 0 512 512\" xmlns=\"http:\/\/www.w3.org\/2000\/svg\"><path d=\"M504 256C504 119 393 8 256 8S8 119 8 256c0 123.78 90.69 226.38 209.25 245V327.69h-63V256h63v-54.64c0-62.15 37-96.48 93.67-96.48 27.14 0 55.52 4.84 55.52 4.84v61h-31.28c-30.8 0-40.41 19.12-40.41 38.73V256h68.78l-11 71.69h-57.78V501C413.31 482.38 504 379.78 504 256z\"><\/path><\/svg>\t\t\t\t\t<\/a><br \/>\n\t\t\t\t\t<a target=\"_blank\"><br \/>\n\t\t\t\t\t\tX-twitter<br \/>\n\t\t\t\t\t\t<svg viewBox=\"0 0 512 512\" xmlns=\"http:\/\/www.w3.org\/2000\/svg\"><path d=\"M389.2 48h70.6L305.6 224.2 487 464H345L233.7 318.6 106.5 464H35.8L200.7 275.5 26.8 48H172.4L272.9 180.9 389.2 48zM364.4 421.8h39.1L151.1 88h-42L364.4 421.8z\"><\/path><\/svg>\t\t\t\t\t<\/a><br \/>\n\t\t\t\t\t<a target=\"_blank\"><br \/>\n\t\t\t\t\t\tYoutube<br \/>\n\t\t\t\t\t\t<svg viewBox=\"0 0 576 512\" xmlns=\"http:\/\/www.w3.org\/2000\/svg\"><path d=\"M549.655 124.083c-6.281-23.65-24.787-42.276-48.284-48.597C458.781 64 288 64 288 64S117.22 64 74.629 75.486c-23.497 6.322-42.003 24.947-48.284 48.597-11.412 42.867-11.412 132.305-11.412 132.305s0 89.438 11.412 132.305c6.281 23.65 24.787 41.5 48.284 47.821C117.22 448 288 448 288 448s170.78 0 213.371-11.486c23.497-6.321 42.003-24.171 48.284-47.821 11.412-42.867 11.412-132.305 11.412-132.305s0-89.438-11.412-132.305zm-317.51 213.508V175.185l142.739 81.205-142.739 81.201z\"><\/path><\/svg>\t\t\t\t\t<\/a><br \/>\n\t\t\t\t\t\t\t\t\t\t\t\t\t\t\t<img fetchpriority=\"high\" decoding=\"async\" width=\"512\" height=\"512\" src=\"https:\/\/bionn.vn\/wp-content\/uploads\/2024\/12\/cropped-screenshot_1734444403.png\" alt=\"\" srcset=\"https:\/\/bionn.vn\/wp-content\/uploads\/2024\/12\/cropped-screenshot_1734444403.png 512w, https:\/\/bionn.vn\/wp-content\/uploads\/2024\/12\/cropped-screenshot_1734444403-300x300.png 300w, https:\/\/bionn.vn\/wp-content\/uploads\/2024\/12\/cropped-screenshot_1734444403-150x150.png 150w, https:\/\/bionn.vn\/wp-content\/uploads\/2024\/12\/cropped-screenshot_1734444403-100x100.png 100w, https:\/\/bionn.vn\/wp-content\/uploads\/2024\/12\/cropped-screenshot_1734444403-270x270.png 270w, https:\/\/bionn.vn\/wp-content\/uploads\/2024\/12\/cropped-screenshot_1734444403-192x192.png 192w, https:\/\/bionn.vn\/wp-content\/uploads\/2024\/12\/cropped-screenshot_1734444403-180x180.png 180w, https:\/\/bionn.vn\/wp-content\/uploads\/2024\/12\/cropped-screenshot_1734444403-32x32.png 32w\" sizes=\"(max-width: 512px) 100vw, 512px\" \/>\t\t\t\t\t\t\t\t\t\t\t\t\t\t\t<\/p>\n<p role=\"status\" aria-live=\"polite\" aria-atomic=\"true\">\n<ul><\/ul>\n<form action=\"\/wp-admin\/admin-ajax.php#wpcf7-f37-o1\" method=\"post\" aria-label=\"Contact form\" novalidate=\"novalidate\" data-status=\"init\">\n<input type=\"hidden\" name=\"_wpcf7\" value=\"37\" \/><br \/>\n<input type=\"hidden\" name=\"_wpcf7_version\" value=\"6.0.1\" \/><br \/>\n<input type=\"hidden\" name=\"_wpcf7_locale\" value=\"en_US\" \/><br \/>\n<input type=\"hidden\" name=\"_wpcf7_unit_tag\" value=\"wpcf7-f37-o1\" \/><br \/>\n<input type=\"hidden\" name=\"_wpcf7_container_post\" value=\"0\" \/><br \/>\n<input type=\"hidden\" name=\"_wpcf7_posted_data_hash\" value=\"\" \/><\/p>\n<p><input size=\"40\" maxlength=\"400\" aria-required=\"true\" aria-invalid=\"false\" placeholder=\"H\u1ecd v\u00e0 t\u00ean *\" value=\"\" type=\"text\" name=\"your-name\" \/>\n\t\t<\/p>\n<p><input size=\"40\" maxlength=\"400\" aria-required=\"true\" aria-invalid=\"false\" placeholder=\"\u0110\u1ecba ch\u1ec9 Email *\" value=\"\" type=\"email\" name=\"your-email\" \/>\n\t\t<\/p>\n<p><input size=\"40\" maxlength=\"400\" aria-invalid=\"false\" placeholder=\"Ti\u00eau \u0111\u1ec1\" value=\"\" type=\"text\" name=\"your-site\" \/>\n\t<\/p>\n<p><textarea cols=\"40\" rows=\"10\" maxlength=\"2000\" aria-invalid=\"false\" placeholder=\"N\u1ed9i dung...\" name=\"your-message\"><\/textarea>\n\t<\/p>\n<p><button type=\"submit\">G\u1eedi th\u00f4ng tin<\/button>\n\t<\/p>\n<\/form>\n","protected":false},"excerpt":{"rendered":"<p>Th\u00f4ng tin li\u00ean h\u1ec7 Biotech Nam Nguy\u00ean \u0110i\u1ec7n tho\u1ea1i: 0914058315 7h30 \u0111\u1ebfn 17h30 \u0110\u1ecba ch\u1ec9 22 Ama Pui, P. T\u00e2n L\u1ee3i, TP. Bu\u00f4n Ma Thu\u1ed9t, t\u1ec9nh \u0110\u0103k L\u0103k Facebook X-twitter Youtube G\u1eedi th\u00f4ng tin<\/p>\n","protected":false},"author":1,"featured_media":0,"parent":0,"menu_order":0,"comment_status":"closed","ping_status":"closed","template":"","meta":{"footnotes":""},"class_list":["post-744","page","type-page","status-publish","hentry"],"_links":{"self":[{"href":"https:\/\/bionn.vn\/index.php\/wp-json\/wp\/v2\/pages\/744","targetHints":{"allow":["GET"]}}],"collection":[{"href":"https:\/\/bionn.vn\/index.php\/wp-json\/wp\/v2\/pages"}],"about":[{"href":"https:\/\/bionn.vn\/index.php\/wp-json\/wp\/v2\/types\/page"}],"author":[{"embeddable":true,"href":"https:\/\/bionn.vn\/index.php\/wp-json\/wp\/v2\/users\/1"}],"replies":[{"embeddable":true,"href":"https:\/\/bionn.vn\/index.php\/wp-json\/wp\/v2\/comments?post=744"}],"version-history":[{"count":13,"href":"https:\/\/bionn.vn\/index.php\/wp-json\/wp\/v2\/pages\/744\/revisions"}],"predecessor-version":[{"id":5553,"href":"https:\/\/bionn.vn\/index.php\/wp-json\/wp\/v2\/pages\/744\/revisions\/5553"}],"wp:attachment":[{"href":"https:\/\/bionn.vn\/index.php\/wp-json\/wp\/v2\/media?parent=744"}],"curies":[{"name":"wp","href":"https:\/\/api.w.org\/{rel}","templated":true}]}}